{"id":3979,"date":"2024-10-04T14:36:33","date_gmt":"2024-10-04T12:36:33","guid":{"rendered":"https:\/\/apiaforautism.org\/apia-for-autism\/"},"modified":"2025-12-05T08:51:47","modified_gmt":"2025-12-05T07:51:47","slug":"apia-for-autism","status":"publish","type":"page","link":"https:\/\/apiaforautism.org\/es\/","title":{"rendered":"Apia for autism"},"content":{"rendered":"<div id=\"field_pow488cb1c328124e05\" class=\"container-fluid px-0 flexible_section block_columns\">\n <div id=\"field_pow488cb1c328124e05_inner\" class=\"container flexible_section_inner\">\n\n   <div class=\"row flexible_section_content\">\n\n   <div class=\"homeintroleft mb-3 mb-sm-0 col-sm-6 colonne colonne1\">\n    <div class=\"colonne_inner text-left d-flex align-items-center justify-content-start\">\n    <div class=\"colonne_inner_sub \">\n<h1>Bienestar para ellos, autonom\u00eda para todos<\/h1>\n<h4>Alimentaci\u00f3n<br \/>\n&amp; autismo<\/h4>\n<p>&nbsp;<\/p>\n<p><a class=\"button_orange scrollable\" data-dest=\"#projet\" data-offset=\"-100\">Descubra el proyecto<\/a><\/p>\n    <\/div>\n    <\/div>\n   <\/div>\n   <div class=\"col-sm-6 colonne colonne2\">\n    <div class=\"colonne_inner  text-left\">\n<p><img loading=\"lazy\" decoding=\"async\" class=\"alignnone wp-image-3666 size-full\" src=\"https:\/\/apiaforautism.org\/wp-content\/uploads\/2024\/10\/apia-home-01.jpg\" alt=\"\" width=\"700\" height=\"724\" srcset=\"https:\/\/apiaforautism.org\/wp-content\/uploads\/2024\/10\/apia-home-01.jpg 700w, https:\/\/apiaforautism.org\/wp-content\/uploads\/2024\/10\/apia-home-01-290x300.jpg 290w\" sizes=\"auto, (max-width: 700px) 100vw, 700px\" \/><\/p>\n    <\/div>\n   <\/div>\n  <\/div>\n\n <\/div>\n<\/div>\n\n\n<div id=\"field_pow32caa3bc4f6a41b9\" class=\"container-fluid px-0 flexible_section block_customhtml\">\n<div class=\"messagedefilant\">\n  NUTRICI\u00d3N &#8211; AUTISMO &#8211; APOYO &#8211; PROFESIONALES &#8211; FAMILIARES &#8211; BIENESTAR &#8211; AUTONOM\u00cdA &#8211; INCLUSI\u00d3N SOCIAL\n<\/div><\/div>\n\n\n<div id=\"projet\" class=\"custom_flexible_section\">\n<div id=\"field_pow8d885794e2014b1e\" class=\"container-fluid px-0 flexible_section block_columns\">\n <div id=\"field_pow8d885794e2014b1e_inner\" class=\"container flexible_section_inner\">\n\n   <div class=\"row flexible_section_content\">\n\n   <div class=\"mb-3 mb-sm-0 col-sm-3 colonne colonne1\">\n    <div class=\"colonne_inner  text-left\">\n<h2 class=\"h1\">Nuestro<br \/>\nproyecto<\/h2>\n<p>El objetivo del proyecto APIA es <strong>contribuir a la inclusi\u00f3n de los adultos con autismo<\/strong> en la sociedad y <strong>fomentar su independencia y bienestar a trav\u00e9s de la alimentaci\u00f3n<\/strong>, apoyando a quienes cuidan de ellos.<\/p>\n<p>.<\/p>\n<p><img loading=\"lazy\" decoding=\"async\" class=\"wp-image-3922 alignright\" src=\"https:\/\/apiaforautism.org\/wp-content\/uploads\/2024\/10\/FLECHE_bleu-APIA-e1730108250369-300x300.png\" alt=\"\" width=\"112\" height=\"112\" srcset=\"https:\/\/apiaforautism.org\/wp-content\/uploads\/2024\/10\/FLECHE_bleu-APIA-e1730108250369-300x300.png 300w, https:\/\/apiaforautism.org\/wp-content\/uploads\/2024\/10\/FLECHE_bleu-APIA-e1730108250369-150x150.png 150w, https:\/\/apiaforautism.org\/wp-content\/uploads\/2024\/10\/FLECHE_bleu-APIA-e1730108250369.png 682w\" sizes=\"auto, (max-width: 112px) 100vw, 112px\" \/><\/p>\n    <\/div>\n   <\/div>\n   <div class=\"pt-5 mb-3 mb-sm-0 col-sm-3 colonne colonne2\">\n    <div class=\"colonne_inner pt-5 h-100 text-left\">\n<p><img loading=\"lazy\" decoding=\"async\" class=\"alignnone size-full wp-image-3686\" src=\"https:\/\/apiaforautism.org\/wp-content\/uploads\/2024\/10\/picto-01.png\" alt=\"\" width=\"222\" height=\"222\" srcset=\"https:\/\/apiaforautism.org\/wp-content\/uploads\/2024\/10\/picto-01.png 222w, https:\/\/apiaforautism.org\/wp-content\/uploads\/2024\/10\/picto-01-150x150.png 150w\" sizes=\"auto, (max-width: 222px) 100vw, 222px\" \/><\/p>\n<h3>Nuestro objetivo<\/h3>\n<p>Desarrollar herramientas para ayudar a los profesionales a <strong>mejorar la autonom\u00eda y el bienestar de las personas con autismo mediante una alimentaci\u00f3n adecuada<\/strong>, con el objetivo de promover su inclusi\u00f3n social y ampliar estas herramientas a los cuidadores familiares y otras personas con discapacidad.<\/p>\n    <\/div>\n   <\/div>\n   <div class=\"pt-5 mb-3 mb-sm-0 col-sm-3 colonne colonne3\">\n    <div class=\"colonne_inner pt-5 h-100 text-left\">\n<p><img loading=\"lazy\" decoding=\"async\" class=\"alignnone size-full wp-image-3690\" src=\"https:\/\/apiaforautism.org\/wp-content\/uploads\/2024\/10\/picto-02.png\" alt=\"\" width=\"222\" height=\"222\" srcset=\"https:\/\/apiaforautism.org\/wp-content\/uploads\/2024\/10\/picto-02.png 222w, https:\/\/apiaforautism.org\/wp-content\/uploads\/2024\/10\/picto-02-150x150.png 150w\" sizes=\"auto, (max-width: 222px) 100vw, 222px\" \/><\/p>\n<h3>Nuestros socios<\/h3>\n<p>Somos un consorcio de <strong>5 organizaciones europeas<\/strong>: Universidad de Zaragoza, Coordinadora de Asociaciones de personas con discapacidad de Huesca, Pour La Solidarit\u00e9 ASBL, A18onlus &#8211; Associazione Autismo 18 anni, Les Insatiables<\/p>\n<p><a class=\"button_orange\" href=\"https:\/\/apiaforautism.org\/es\/nuestros-socios\/\">M\u00e1s informaci\u00f3n<\/a><\/p>\n    <\/div>\n   <\/div>\n   <div class=\"pt-5 col-sm-3 colonne colonne4\">\n    <div class=\"colonne_inner pt-5 h-100 text-left\">\n<p><img loading=\"lazy\" decoding=\"async\" class=\"alignnone size-full wp-image-3694\" src=\"https:\/\/apiaforautism.org\/wp-content\/uploads\/2024\/10\/picto-03.png\" alt=\"\" width=\"222\" height=\"222\" srcset=\"https:\/\/apiaforautism.org\/wp-content\/uploads\/2024\/10\/picto-03.png 222w, https:\/\/apiaforautism.org\/wp-content\/uploads\/2024\/10\/picto-03-150x150.png 150w\" sizes=\"auto, (max-width: 222px) 100vw, 222px\" \/><\/p>\n<h3>Nuestras prestaciones<\/h3>\n<p>APIA ha dado lugar a la creaci\u00f3n de <strong>dos herramientas que pueden utilizar los cuidadores profesionales y quienes trabajan estrechamente con autistas<\/strong> para ayudarles a mejorar su autonom\u00eda y bienestar mediante una nutrici\u00f3n adecuada y m\u00e9todos de ense\u00f1anza inclusivos.<\/p>\n    <\/div>\n   <\/div>\n  <\/div>\n\n <\/div>\n<\/div>\n<\/div>\n\n\n<div id=\"field_pow3a8edad82ff742e8\" class=\"container-fluid px-0 flexible_section block_columns\">\n   <div class=\"row flexible_section_content\">\n\n   <div class=\"col-sm-12 colonne colonne1\">\n    <div class=\"colonne_inner  text-left\">\n<p><img loading=\"lazy\" decoding=\"async\" class=\"wp-image-3670 size-full aligncenter\" src=\"https:\/\/apiaforautism.org\/wp-content\/uploads\/2024\/10\/apia-home-02-e1729779316173.jpg\" alt=\"\" width=\"1800\" height=\"441\" srcset=\"https:\/\/apiaforautism.org\/wp-content\/uploads\/2024\/10\/apia-home-02-e1729779316173.jpg 1800w, https:\/\/apiaforautism.org\/wp-content\/uploads\/2024\/10\/apia-home-02-e1729779316173-300x74.jpg 300w, https:\/\/apiaforautism.org\/wp-content\/uploads\/2024\/10\/apia-home-02-e1729779316173-1024x251.jpg 1024w, https:\/\/apiaforautism.org\/wp-content\/uploads\/2024\/10\/apia-home-02-e1729779316173-768x188.jpg 768w, https:\/\/apiaforautism.org\/wp-content\/uploads\/2024\/10\/apia-home-02-e1729779316173-1536x376.jpg 1536w\" sizes=\"auto, (max-width: 1800px) 100vw, 1800px\" \/><\/p>\n    <\/div>\n   <\/div>\n  <\/div>\n\n<\/div>\n\n\n<div id=\"actualites\" class=\"custom_flexible_section\">\n<div id=\"field_pow5bc06595de574979\" class=\"container-fluid px-0 flexible_section block_columns\">\n <div id=\"field_pow5bc06595de574979_inner\" class=\"container flexible_section_inner\">\n\n   <div class=\"row flexible_section_content\">\n\n   <div class=\"col-sm-12 colonne colonne1\">\n    <div class=\"colonne_inner  text-left\">\n<h2 style=\"text-align: center\" class=\"h1\"><span class=\"vert1\">Noticias<\/span><\/h2>\n    <\/div>\n   <\/div>\n  <\/div>\n\n <\/div>\n<\/div>\n<\/div>\n\n\n<div id=\"field_powb3ed7dff1c4c4f36\" class=\"container-fluid px-0 flexible_section block_innertemplate\">\n <div id=\"field_powb3ed7dff1c4c4f36_inner\" class=\"container flexible_section_inner\">\n\n   <div class=\"row flexible_section_content\">\n\n\r\n\t\t\t<div class=\"row p-0\" id=\"predefinedgrid_powb3ed7dff1c4c4f36\">\r\n\t\t\t\t<div class=\"col-12 col-sm-7 p-0 bigitem_container pl-3 pl-sm-0 pr-3\">\r\n\t\t\t\t\t<div class=\"p-3 bigitem\">\r\n\t\t<div class=\"row p-0\">\r\n\t\t\t<div class=\"col-12 col-sm-5\">\r\n\t\t\t\t<p class=\"white\">14 noviembre 2024<\/p>\r\n\t\t\t\t<h3 class=\"h2 white\">Primer a\u00f1o de trabajo del proyecto europeo \u201cAPIA. Alimentaci\u00f3n y autismo\u201d<\/h2>\r\n\t\t\t\t<div class=\"white\"><\/div>\r\n\t\t\t\t<div class=\"mt-3\"><a href=\"https:\/\/apiaforautism.org\/es\/primer-ano-de-trabajo-del-proyecto-europeo-apia-alimentacion-y-autismo\/\" class=\"button_orange\">M\u00e1s informaci\u00f3n<\/a><\/div>\r\n\t\t\t<\/div>\r\n\t\t\t<div class=\"d-none d-sm-block col-6 col-sm-7\">\r\n\t\t\t\t<img decoding=\"async\" src=\"https:\/\/apiaforautism.org\/wp-content\/uploads\/2024\/11\/3-aspect-ratio-2-3.png\" alt=\"Primer a\u00f1o de trabajo del proyecto europeo \u201cAPIA. Alimentaci\u00f3n y autismo\u201d\" class=\"roundedborder\" \/>\r\n\t\t\t<\/div>\r\n\t\t<\/div>\t\r\n\t<\/div>\r\n\t\t\t\t<\/div>\r\n\t\t\t\t<div class=\"col-12 col-sm-5 p-0 smallitem_container pl-3\">\r\n\t\t\t\t\t<div class=\"row p-0\">\r\n\t\t\t\t\t\t<div class=\"col-12 py-0 px-3 px-sm-0\">\r\n\t\t\t\t\t\t\t<div class=\"p-3 smallitem smallitem_1\">\r\n\t\t<div class=\"row p-0\">\r\n\t\t\t<div class=\"col-12 col-sm-7\">\r\n\t\t\t\t<p class=\"white\">7 octubre 2024<\/p>\r\n\t\t\t\t<h3 class=\"h4 white\">Nuestros socios<\/h2>\r\n\t\t\t\t<div class=\"mt-3\"><a href=\"https:\/\/apiaforautism.org\/es\/nuestros-socios\/\" class=\"button_orange\">M\u00e1s informaci\u00f3n<\/a><\/div>\r\n\t\t\t<\/div>\r\n\t\t\t<div class=\"d-none d-sm-block col-6 col-sm-5\">\r\n\t\t\t\t<img decoding=\"async\" src=\"https:\/\/apiaforautism.org\/wp-content\/uploads\/2024\/11\/23-aspect-ratio-2-3.png\" alt=\"Nuestros socios\" class=\"smallimg roundedborder\" \/>\r\n\t\t\t<\/div>\r\n\t\t<\/div>\t\r\n\t<\/div>\r\n\t\t\t\t\t\t<\/div>\r\n\t\t\t\t\t<\/div>\r\n\t\t\t\t\t<div class=\"row p-0\">\r\n\t\t\t\t\t\t<div class=\"col-12 py-0 px-3 px-sm-0\">\r\n\t\t\t\t\t\t\t<div class=\"p-3 smallitem smallitem_2\"><\/div>\r\n\t\t\t\t\t\t<\/div>\r\n\t\t\t\t\t<\/div>\r\n\t\t\t\t<\/div>\r\n\t\t\t<\/div>\t\r\n\t  <\/div>\n\n <\/div>\n<\/div>\n\n\n<div id=\"field_pow085bdf8b628646a8\" class=\"container-fluid px-0 flexible_section block_columns\">\n <div id=\"field_pow085bdf8b628646a8_inner\" class=\"container flexible_section_inner\">\n\n   <div class=\"row flexible_section_content\">\n\n   <div class=\"mb-3 mb-sm-0 col-sm-8 colonne colonne1\">\n    <div class=\"colonne_inner text-right d-flex align-items-center justify-content-end\">\n    <div class=\"colonne_inner_sub \">\n<h3>Lea todas nuestras noticias<\/h3>\n    <\/div>\n    <\/div>\n   <\/div>\n   <div class=\"col-sm-4 colonne colonne2\">\n    <div class=\"colonne_inner  text-left\">\n<p><a class=\"button_orange\" href=\"https:\/\/apiaforautism.org\/actualites\/\">Descubra<\/a><\/p>\n    <\/div>\n   <\/div>\n  <\/div>\n\n <\/div>\n<\/div>\n\n\n<div id=\"enquetes\" class=\"custom_flexible_section\">\n<div id=\"field_pow60a1a2405b0d421e\" class=\"container-fluid px-0 flexible_section block_columns\">\n <div id=\"field_pow60a1a2405b0d421e_inner\" class=\"container flexible_section_inner\">\n\n   <div class=\"row flexible_section_content\">\n\n   <div class=\"mb-3 mb-sm-0 col-sm-6 colonne colonne1\">\n    <div class=\"colonne_inner text-left d-flex align-items-center justify-content-start\">\n    <div class=\"colonne_inner_sub \">\n<h2 class=\"h1\"><span class=\"rose\">Encuestas<\/span><\/h2>\n<h3><span class=\"vert1\">Primeros resultados<\/span><\/h3>\n<p><span class=\"vert1\">Mientras esperamos los primeros resultados<br \/>\ndescubra m\u00e1s sobre el primer a\u00f1o del proyecto APIA.<\/span><\/p>\n<p><a class=\"button_rose\" href=\"https:\/\/apiaforautism.org\/wp-content\/uploads\/2024\/10\/APIA_WP2_Sintesis-de-resultados_SP.pdf\">LA S\u00cdNTESIS<\/a><\/p>\n<p>&nbsp;<\/p>\n    <\/div>\n    <\/div>\n   <\/div>\n   <div class=\"col-sm-6 colonne colonne2\">\n    <div class=\"colonne_inner  text-center\">\n<p><a href=\"https:\/\/apiaforautism.org\/wp-content\/uploads\/2024\/10\/APIA_WP2_Sintesis-de-resultados_SP.pdf\"><img loading=\"lazy\" decoding=\"async\" class=\"size-large wp-image-4395 aligncenter\" src=\"https:\/\/apiaforautism.org\/wp-content\/uploads\/2025\/12\/APIA_WP2_Sintesis-de-resultados_SP_Page_01-1024x576.jpg\" alt=\"\" width=\"1024\" height=\"576\" srcset=\"https:\/\/apiaforautism.org\/wp-content\/uploads\/2025\/12\/APIA_WP2_Sintesis-de-resultados_SP_Page_01-1024x576.jpg 1024w, https:\/\/apiaforautism.org\/wp-content\/uploads\/2025\/12\/APIA_WP2_Sintesis-de-resultados_SP_Page_01-300x169.jpg 300w, https:\/\/apiaforautism.org\/wp-content\/uploads\/2025\/12\/APIA_WP2_Sintesis-de-resultados_SP_Page_01-768x432.jpg 768w, https:\/\/apiaforautism.org\/wp-content\/uploads\/2025\/12\/APIA_WP2_Sintesis-de-resultados_SP_Page_01-1536x864.jpg 1536w, https:\/\/apiaforautism.org\/wp-content\/uploads\/2025\/12\/APIA_WP2_Sintesis-de-resultados_SP_Page_01-2048x1152.jpg 2048w\" sizes=\"auto, (max-width: 1024px) 100vw, 1024px\" \/><\/a><\/p>\n    <\/div>\n   <\/div>\n  <\/div>\n\n <\/div>\n<\/div>\n<\/div>\n\n\n<div id=\"partenaires\" class=\"custom_flexible_section\">\n<div id=\"field_powaf5d052868c74342\" class=\"container-fluid px-0 flexible_section block_columns\">\n <div id=\"field_powaf5d052868c74342_inner\" class=\"container flexible_section_inner\">\n\n   <div class=\"row flexible_section_content\">\n\n   <div class=\"col-sm-12 colonne colonne1\">\n    <div class=\"colonne_inner  text-left\">\n<h2 style=\"text-align: center\" class=\"h1\"><span class=\"vert1\">Socios<\/span><\/h2>\n    <\/div>\n   <\/div>\n  <\/div>\n\n <\/div>\n<\/div>\n<\/div>\n\n\n<div id=\"field_pow5cd9e675d7734334\" class=\"container-fluid px-0 flexible_section block_logosgrid\">\n <div id=\"field_pow5cd9e675d7734334_inner\" class=\"container flexible_section_inner\">\n\n<div class=\"container_full\" id=\"logogrid_pow5cd9e675d7734334_outer\">\n<div class=\"container\">\n<div id=\"gridlogos_pow5cd9e675d7734334\" class=\"row row-cols-2 row-cols-md-3 row-cols-lg-3 \">\n<div class=\"col-sm-6 col-md-4 col-lg-4  align-self-center px-3 py-3 text-center \"> <div class=\"logo_container\">  <a href=\"https:\/\/cadishuesca.es\/\" target=\"_blank\"><img decoding=\"async\" src=\"https:\/\/apiaforautism.org\/wp-content\/uploads\/2024\/10\/logo_cadis.png\" alt=\"\" \/><\/a> <\/div>\n<\/div>\n<div class=\"col-sm-6 col-md-4 col-lg-4  align-self-center px-3 py-3 text-center \"> <div class=\"logo_container\">  <a href=\"https:\/\/ia2.unizar.es\/\" target=\"_blank\"><img decoding=\"async\" src=\"https:\/\/apiaforautism.org\/wp-content\/uploads\/2024\/10\/logo_ia2.png\" alt=\"\" \/><\/a> <\/div>\n<\/div>\n<div class=\"col-sm-6 col-md-4 col-lg-4  align-self-center px-3 py-3 text-center \"> <div class=\"logo_container\">  <a href=\"https:\/\/a18onlus.it\/\" target=\"_blank\"><img decoding=\"async\" src=\"https:\/\/apiaforautism.org\/wp-content\/uploads\/2024\/10\/logo-a18.png\" alt=\"\" \/><\/a> <\/div>\n<\/div>\n<div class=\"col-sm-6 col-md-4 col-lg-4  align-self-center px-3 py-3 text-center \"> <div class=\"logo_container\">  <a href=\"https:\/\/info.erasmusplus.fr\/\" target=\"_blank\"><img decoding=\"async\" src=\"https:\/\/apiaforautism.org\/wp-content\/uploads\/2024\/10\/Erasmus_logo-web.png\" alt=\"\" \/><\/a> <\/div>\n<\/div>\n<div class=\"col-sm-6 col-md-4 col-lg-4  align-self-center px-3 py-3 text-center \"> <div class=\"logo_container\">  <a href=\"https:\/\/lesinsatiables.org\/\" target=\"_blank\"><img decoding=\"async\" src=\"https:\/\/apiaforautism.org\/wp-content\/uploads\/2024\/10\/logo-insatiables.png\" alt=\"\" \/><\/a> <\/div>\n<\/div>\n<div class=\"col-sm-6 col-md-4 col-lg-4  align-self-center px-3 py-3 text-center \"> <div class=\"logo_container\">  <a href=\"https:\/\/pourlasolidarite.eu\/fr\" target=\"_blank\"><img decoding=\"async\" src=\"https:\/\/apiaforautism.org\/wp-content\/uploads\/2024\/10\/logo-solidarite.png\" alt=\"\" \/><\/a> <\/div>\n<\/div>\n<\/div>\n<\/div>\n<\/div>\n <\/div>\n<\/div>\n\n\n<div id=\"field_powf7b97c4420764085\" class=\"container-fluid px-0 flexible_section block_columns\">\n <div id=\"field_powf7b97c4420764085_inner\" class=\"container flexible_section_inner\">\n\n   <div class=\"row flexible_section_content\">\n\n   <div class=\"col-sm-12 colonne colonne1\">\n    <div class=\"colonne_inner  text-left\">\n    <\/div>\n   <\/div>\n  <\/div>\n\n <\/div>\n<\/div>\n","protected":false},"excerpt":{"rendered":"<p>El objetivo del proyecto APIA es contribuir a la inclusi\u00f3n de los adultos con autismo en la sociedad y fomentar su independencia y bienestar a trav\u00e9s de la alimentaci\u00f3n, apoyando a quienes cuidan de ellos.<\/p>\n","protected":false},"author":1,"featured_media":0,"parent":0,"menu_order":16,"comment_status":"closed","ping_status":"closed","template":"","meta":{"_acf_changed":false,"inline_featured_image":false,"footnotes":""},"class_list":["post-3979","page","type-page","status-publish","hentry"],"acf":[],"yoast_head":"<!-- This site is optimized with the Yoast SEO plugin v25.0 - https:\/\/yoast.com\/wordpress\/plugins\/seo\/ -->\n<title>Apia for autism - Apia for autism<\/title>\n<meta name=\"description\" content=\"El objetivo del proyecto APIA es contribuir a la inclusi\u00f3n de los adultos con autismo en la sociedad y fomentar su independencia y bienestar a trav\u00e9s de la alimentaci\u00f3n, apoyando a quienes cuidan de ellos.\" \/>\n<meta name=\"robots\" content=\"index, follow, max-snippet:-1, max-image-preview:large, max-video-preview:-1\" \/>\n<link rel=\"canonical\" href=\"https:\/\/apiaforautism.org\/es\/\" \/>\n<meta property=\"og:locale\" content=\"es_ES\" \/>\n<meta property=\"og:type\" content=\"article\" \/>\n<meta property=\"og:title\" content=\"Apia for autism - Apia for autism\" \/>\n<meta property=\"og:description\" content=\"El objetivo del proyecto APIA es contribuir a la inclusi\u00f3n de los adultos con autismo en la sociedad y fomentar su independencia y bienestar a trav\u00e9s de la alimentaci\u00f3n, apoyando a quienes cuidan de ellos.\" \/>\n<meta property=\"og:url\" content=\"https:\/\/apiaforautism.org\/es\/\" \/>\n<meta property=\"og:site_name\" content=\"Apia for autism\" \/>\n<meta property=\"article:modified_time\" content=\"2025-12-05T07:51:47+00:00\" \/>\n<meta name=\"twitter:card\" content=\"summary_large_image\" \/>\n<meta name=\"twitter:label1\" content=\"Tiempo de lectura\" \/>\n\t<meta name=\"twitter:data1\" content=\"5 minutos\" \/>\n<script type=\"application\/ld+json\" class=\"yoast-schema-graph\">{\"@context\":\"https:\/\/schema.org\",\"@graph\":[{\"@type\":\"WebPage\",\"@id\":\"https:\/\/apiaforautism.org\/es\/\",\"url\":\"https:\/\/apiaforautism.org\/es\/\",\"name\":\"Apia for autism - Apia for autism\",\"isPartOf\":{\"@id\":\"https:\/\/apiaforautism.org\/es\/#website\"},\"datePublished\":\"2024-10-04T12:36:33+00:00\",\"dateModified\":\"2025-12-05T07:51:47+00:00\",\"description\":\"El objetivo del proyecto APIA es contribuir a la inclusi\u00f3n de los adultos con autismo en la sociedad y fomentar su independencia y bienestar a trav\u00e9s de la alimentaci\u00f3n, apoyando a quienes cuidan de ellos.\",\"breadcrumb\":{\"@id\":\"https:\/\/apiaforautism.org\/es\/#breadcrumb\"},\"inLanguage\":\"es\",\"potentialAction\":[{\"@type\":\"ReadAction\",\"target\":[\"https:\/\/apiaforautism.org\/es\/\"]}]},{\"@type\":\"BreadcrumbList\",\"@id\":\"https:\/\/apiaforautism.org\/es\/#breadcrumb\",\"itemListElement\":[{\"@type\":\"ListItem\",\"position\":1,\"name\":\"Accueil\",\"item\":\"https:\/\/apiaforautism.org\/es\/\"},{\"@type\":\"ListItem\",\"position\":2,\"name\":\"Apia for autism\"}]},{\"@type\":\"WebSite\",\"@id\":\"https:\/\/apiaforautism.org\/es\/#website\",\"url\":\"https:\/\/apiaforautism.org\/es\/\",\"name\":\"Apia for autism\",\"description\":\"\",\"publisher\":{\"@id\":\"https:\/\/apiaforautism.org\/es\/#organization\"},\"potentialAction\":[{\"@type\":\"SearchAction\",\"target\":{\"@type\":\"EntryPoint\",\"urlTemplate\":\"https:\/\/apiaforautism.org\/es\/?s={search_term_string}\"},\"query-input\":{\"@type\":\"PropertyValueSpecification\",\"valueRequired\":true,\"valueName\":\"search_term_string\"}}],\"inLanguage\":\"es\"},{\"@type\":\"Organization\",\"@id\":\"https:\/\/apiaforautism.org\/es\/#organization\",\"name\":\"Apia for autism\",\"url\":\"https:\/\/apiaforautism.org\/es\/\",\"logo\":{\"@type\":\"ImageObject\",\"inLanguage\":\"es\",\"@id\":\"https:\/\/apiaforautism.org\/es\/#\/schema\/logo\/image\/\",\"url\":\"https:\/\/apiaforautism.org\/wp-content\/uploads\/2024\/10\/logo-apia.png\",\"contentUrl\":\"https:\/\/apiaforautism.org\/wp-content\/uploads\/2024\/10\/logo-apia.png\",\"width\":218,\"height\":58,\"caption\":\"Apia for autism\"},\"image\":{\"@id\":\"https:\/\/apiaforautism.org\/es\/#\/schema\/logo\/image\/\"}}]}<\/script>\n<!-- \/ Yoast SEO plugin. -->","yoast_head_json":{"title":"Apia for autism - Apia for autism","description":"El objetivo del proyecto APIA es contribuir a la inclusi\u00f3n de los adultos con autismo en la sociedad y fomentar su independencia y bienestar a trav\u00e9s de la alimentaci\u00f3n, apoyando a quienes cuidan de ellos.","robots":{"index":"index","follow":"follow","max-snippet":"max-snippet:-1","max-image-preview":"max-image-preview:large","max-video-preview":"max-video-preview:-1"},"canonical":"https:\/\/apiaforautism.org\/es\/","og_locale":"es_ES","og_type":"article","og_title":"Apia for autism - Apia for autism","og_description":"El objetivo del proyecto APIA es contribuir a la inclusi\u00f3n de los adultos con autismo en la sociedad y fomentar su independencia y bienestar a trav\u00e9s de la alimentaci\u00f3n, apoyando a quienes cuidan de ellos.","og_url":"https:\/\/apiaforautism.org\/es\/","og_site_name":"Apia for autism","article_modified_time":"2025-12-05T07:51:47+00:00","twitter_card":"summary_large_image","twitter_misc":{"Tiempo de lectura":"5 minutos"},"schema":{"@context":"https:\/\/schema.org","@graph":[{"@type":"WebPage","@id":"https:\/\/apiaforautism.org\/es\/","url":"https:\/\/apiaforautism.org\/es\/","name":"Apia for autism - Apia for autism","isPartOf":{"@id":"https:\/\/apiaforautism.org\/es\/#website"},"datePublished":"2024-10-04T12:36:33+00:00","dateModified":"2025-12-05T07:51:47+00:00","description":"El objetivo del proyecto APIA es contribuir a la inclusi\u00f3n de los adultos con autismo en la sociedad y fomentar su independencia y bienestar a trav\u00e9s de la alimentaci\u00f3n, apoyando a quienes cuidan de ellos.","breadcrumb":{"@id":"https:\/\/apiaforautism.org\/es\/#breadcrumb"},"inLanguage":"es","potentialAction":[{"@type":"ReadAction","target":["https:\/\/apiaforautism.org\/es\/"]}]},{"@type":"BreadcrumbList","@id":"https:\/\/apiaforautism.org\/es\/#breadcrumb","itemListElement":[{"@type":"ListItem","position":1,"name":"Accueil","item":"https:\/\/apiaforautism.org\/es\/"},{"@type":"ListItem","position":2,"name":"Apia for autism"}]},{"@type":"WebSite","@id":"https:\/\/apiaforautism.org\/es\/#website","url":"https:\/\/apiaforautism.org\/es\/","name":"Apia for autism","description":"","publisher":{"@id":"https:\/\/apiaforautism.org\/es\/#organization"},"potentialAction":[{"@type":"SearchAction","target":{"@type":"EntryPoint","urlTemplate":"https:\/\/apiaforautism.org\/es\/?s={search_term_string}"},"query-input":{"@type":"PropertyValueSpecification","valueRequired":true,"valueName":"search_term_string"}}],"inLanguage":"es"},{"@type":"Organization","@id":"https:\/\/apiaforautism.org\/es\/#organization","name":"Apia for autism","url":"https:\/\/apiaforautism.org\/es\/","logo":{"@type":"ImageObject","inLanguage":"es","@id":"https:\/\/apiaforautism.org\/es\/#\/schema\/logo\/image\/","url":"https:\/\/apiaforautism.org\/wp-content\/uploads\/2024\/10\/logo-apia.png","contentUrl":"https:\/\/apiaforautism.org\/wp-content\/uploads\/2024\/10\/logo-apia.png","width":218,"height":58,"caption":"Apia for autism"},"image":{"@id":"https:\/\/apiaforautism.org\/es\/#\/schema\/logo\/image\/"}}]}},"_links":{"self":[{"href":"https:\/\/apiaforautism.org\/es\/wp-json\/wp\/v2\/pages\/3979","targetHints":{"allow":["GET"]}}],"collection":[{"href":"https:\/\/apiaforautism.org\/es\/wp-json\/wp\/v2\/pages"}],"about":[{"href":"https:\/\/apiaforautism.org\/es\/wp-json\/wp\/v2\/types\/page"}],"author":[{"embeddable":true,"href":"https:\/\/apiaforautism.org\/es\/wp-json\/wp\/v2\/users\/1"}],"replies":[{"embeddable":true,"href":"https:\/\/apiaforautism.org\/es\/wp-json\/wp\/v2\/comments?post=3979"}],"version-history":[{"count":16,"href":"https:\/\/apiaforautism.org\/es\/wp-json\/wp\/v2\/pages\/3979\/revisions"}],"predecessor-version":[{"id":4399,"href":"https:\/\/apiaforautism.org\/es\/wp-json\/wp\/v2\/pages\/3979\/revisions\/4399"}],"wp:attachment":[{"href":"https:\/\/apiaforautism.org\/es\/wp-json\/wp\/v2\/media?parent=3979"}],"curies":[{"name":"wp","href":"https:\/\/api.w.org\/{rel}","templated":true}]}}